{"id":14,"date":"2021-11-21T15:14:19","date_gmt":"2021-11-21T15:14:19","guid":{"rendered":"https:\/\/www.aztecfloordesign.com\/about\/"},"modified":"2024-04-30T12:55:52","modified_gmt":"2024-04-30T17:55:52","slug":"about","status":"publish","type":"page","link":"https:\/\/www.aztecfloordesign.com\/?page_id=14","title":{"rendered":"About"},"content":{"rendered":"\t\t<div data-elementor-type=\"wp-page\" data-elementor-id=\"14\" class=\"elementor elementor-14\">\n\t\t\t\t<div class=\"elementor-element elementor-element-877e40f e-flex e-con-boxed e-con e-parent\" data-id=\"877e40f\" data-element_type=\"container\" data-core-v316-plus=\"true\">\n\t\t\t\t\t<div class=\"e-con-inner\">\n\t\t\t\t\t<\/div>\n\t\t\t\t<\/div>\n\t\t<div class=\"elementor-element elementor-element-e02c41a e-flex e-con-boxed e-con e-parent\" data-id=\"e02c41a\" data-element_type=\"container\" data-core-v316-plus=\"true\">\n\t\t\t\t\t<div class=\"e-con-inner\">\n\t\t\t\t\t<\/div>\n\t\t\t\t<\/div>\n\t\t<div class=\"elementor-element elementor-element-17cb1b2 e-flex e-con-boxed e-con e-parent\" data-id=\"17cb1b2\" data-element_type=\"container\" data-settings=\"{&quot;background_background&quot;:&quot;classic&quot;}\" data-core-v316-plus=\"true\">\n\t\t\t\t\t<div class=\"e-con-inner\">\n\t\t\t\t<div class=\"elementor-element elementor-element-12cb269 elementor-widget elementor-widget-heading\" data-id=\"12cb269\" data-element_type=\"widget\" data-widget_type=\"heading.default\">\n\t\t\t\t<div class=\"elementor-widget-container\">\n\t\t\t<style>\/*! elementor - v3.20.0 - 10-04-2024 *\/\n.elementor-heading-title{padding:0;margin:0;line-height:1}.elementor-widget-heading .elementor-heading-title[class*=elementor-size-]>a{color:inherit;font-size:inherit;line-height:inherit}.elementor-widget-heading .elementor-heading-title.elementor-size-small{font-size:15px}.elementor-widget-heading .elementor-heading-title.elementor-size-medium{font-size:19px}.elementor-widget-heading .elementor-heading-title.elementor-size-large{font-size:29px}.elementor-widget-heading .elementor-heading-title.elementor-size-xl{font-size:39px}.elementor-widget-heading .elementor-heading-title.elementor-size-xxl{font-size:59px}<\/style><h1 class=\"elementor-heading-title elementor-size-default\"><br><br><br>QUI\u00c9NES SOMOS<\/h1>\t\t<\/div>\n\t\t\t\t<\/div>\n\t\t\t\t\t<\/div>\n\t\t\t\t<\/div>\n\t\t\t\t<section class=\"elementor-section elementor-top-section elementor-element elementor-element-460970c elementor-section-boxed elementor-section-height-default elementor-section-height-default\" data-id=\"460970c\" data-element_type=\"section\">\n\t\t\t\t\t\t<div class=\"elementor-container elementor-column-gap-wide\">\n\t\t\t\t\t<div class=\"elementor-column elementor-col-50 elementor-top-column elementor-element elementor-element-21f68a6\" data-id=\"21f68a6\" data-element_type=\"column\">\n\t\t\t<div class=\"elementor-widget-wrap elementor-element-populated\">\n\t\t\t\t\t\t<div class=\"elementor-element elementor-element-670e6d2 elementor-widget elementor-widget-image\" data-id=\"670e6d2\" data-element_type=\"widget\" data-widget_type=\"image.default\">\n\t\t\t\t<div class=\"elementor-widget-container\">\n\t\t\t<style>\/*! elementor - v3.20.0 - 10-04-2024 *\/\n.elementor-widget-image{text-align:center}.elementor-widget-image a{display:inline-block}.elementor-widget-image a img[src$=\".svg\"]{width:48px}.elementor-widget-image img{vertical-align:middle;display:inline-block}<\/style>\t\t\t\t\t\t\t\t\t\t<img fetchpriority=\"high\" decoding=\"async\" width=\"1236\" height=\"920\" src=\"https:\/\/www.aztecfloordesign.com\/wp-content\/uploads\/2023\/12\/Copia-de-Diseno-sin-titulo-1-3-2.jpg\" class=\"attachment-full size-full wp-image-1884\" alt=\"\" srcset=\"https:\/\/www.aztecfloordesign.com\/wp-content\/uploads\/2023\/12\/Copia-de-Diseno-sin-titulo-1-3-2.jpg 1236w, https:\/\/www.aztecfloordesign.com\/wp-content\/uploads\/2023\/12\/Copia-de-Diseno-sin-titulo-1-3-2-300x223.jpg 300w, https:\/\/www.aztecfloordesign.com\/wp-content\/uploads\/2023\/12\/Copia-de-Diseno-sin-titulo-1-3-2-1024x762.jpg 1024w, https:\/\/www.aztecfloordesign.com\/wp-content\/uploads\/2023\/12\/Copia-de-Diseno-sin-titulo-1-3-2-768x572.jpg 768w\" sizes=\"(max-width: 1236px) 100vw, 1236px\" \/>\t\t\t\t\t\t\t\t\t\t\t\t\t<\/div>\n\t\t\t\t<\/div>\n\t\t\t\t\t<\/div>\n\t\t<\/div>\n\t\t\t\t<div class=\"elementor-column elementor-col-50 elementor-top-column elementor-element elementor-element-bc42c60\" data-id=\"bc42c60\" data-element_type=\"column\">\n\t\t\t<div class=\"elementor-widget-wrap elementor-element-populated\">\n\t\t\t\t\t\t<div class=\"elementor-element elementor-element-0073403 elementor-widget elementor-widget-heading\" data-id=\"0073403\" data-element_type=\"widget\" data-widget_type=\"heading.default\">\n\t\t\t\t<div class=\"elementor-widget-container\">\n\t\t\t<h2 class=\"elementor-heading-title elementor-size-default\">NUESTRA MISI\u00d3N<\/h2>\t\t<\/div>\n\t\t\t\t<\/div>\n\t\t\t\t<div class=\"elementor-element elementor-element-60241e2 elementor-widget elementor-widget-text-editor\" data-id=\"60241e2\" data-element_type=\"widget\" data-widget_type=\"text-editor.default\">\n\t\t\t\t<div class=\"elementor-widget-container\">\n\t\t\t<style>\/*! elementor - v3.20.0 - 10-04-2024 *\/\n.elementor-widget-text-editor.elementor-drop-cap-view-stacked .elementor-drop-cap{background-color:#69727d;color:#fff}.elementor-widget-text-editor.elementor-drop-cap-view-framed .elementor-drop-cap{color:#69727d;border:3px solid;background-color:transparent}.elementor-widget-text-editor:not(.elementor-drop-cap-view-default) .elementor-drop-cap{margin-top:8px}.elementor-widget-text-editor:not(.elementor-drop-cap-view-default) .elementor-drop-cap-letter{width:1em;height:1em}.elementor-widget-text-editor .elementor-drop-cap{float:left;text-align:center;line-height:1;font-size:50px}.elementor-widget-text-editor .elementor-drop-cap-letter{display:inline-block}<\/style>\t\t\t\t<p>En Aztec Floor Design LLC, nos comprometemos a ofrecer soluciones de suelos \u00fanicas y personalizadas que reflejan la esencia y el estilo de cada cliente. Nuestra misi\u00f3n es trascender las expectativas, dando vida a cada proyecto a trav\u00e9s de la creatividad, la precisi\u00f3n y la atenci\u00f3n meticulosa a los detalles. Creemos que un suelo bien dise\u00f1ado no solo es funcional, sino que tambi\u00e9n cuenta una historia, y nos esforzamos por contar la historia de cada cliente a trav\u00e9s de nuestros excepcionales dise\u00f1os de suelos.<\/p>\t\t\t\t\t\t<\/div>\n\t\t\t\t<\/div>\n\t\t\t\t\t<\/div>\n\t\t<\/div>\n\t\t\t\t\t<\/div>\n\t\t<\/section>\n\t\t\t\t<section class=\"elementor-section elementor-top-section elementor-element elementor-element-cde0efe elementor-section-content-middle elementor-section-boxed elementor-section-height-default elementor-section-height-default\" data-id=\"cde0efe\" data-element_type=\"section\" data-settings=\"{&quot;background_background&quot;:&quot;classic&quot;}\">\n\t\t\t\t\t\t<div class=\"elementor-container elementor-column-gap-default\">\n\t\t\t\t\t<div class=\"elementor-column elementor-col-100 elementor-top-column elementor-element elementor-element-8f2eeb9\" data-id=\"8f2eeb9\" data-element_type=\"column\">\n\t\t\t<div class=\"elementor-widget-wrap elementor-element-populated\">\n\t\t\t\t\t\t<div class=\"elementor-element elementor-element-322bb4e elementor-widget elementor-widget-heading\" data-id=\"322bb4e\" data-element_type=\"widget\" data-widget_type=\"heading.default\">\n\t\t\t\t<div class=\"elementor-widget-container\">\n\t\t\t<h2 class=\"elementor-heading-title elementor-size-default\">FUNDADORES<\/h2>\t\t<\/div>\n\t\t\t\t<\/div>\n\t\t\t\t<div class=\"elementor-element elementor-element-63eaa9b elementor-widget elementor-widget-text-editor\" data-id=\"63eaa9b\" data-element_type=\"widget\" data-widget_type=\"text-editor.default\">\n\t\t\t\t<div class=\"elementor-widget-container\">\n\t\t\t\t\t\t\t<p>Nuestra compa\u00f1\u00eda\u00a0 fue concebida\u00a0 en un suburbio de Chicago por la visi\u00f3n y la pasi\u00f3n con un profundo conocimiento de la artesan\u00eda tradicional, que aporta casi una d\u00e9cada de experiencia en el mundo del dise\u00f1o de suelos<\/p>\t\t\t\t\t\t<\/div>\n\t\t\t\t<\/div>\n\t\t\t\t\t<\/div>\n\t\t<\/div>\n\t\t\t\t\t<\/div>\n\t\t<\/section>\n\t\t\t\t<\/div>\n\t\t","protected":false},"excerpt":{"rendered":"<p>QUI\u00c9NES SOMOS NUESTRA MISI\u00d3N En Aztec Floor Design LLC, nos comprometemos a ofrecer soluciones de suelos \u00fanicas y personalizadas que reflejan la esencia y el estilo de cada cliente. Nuestra misi\u00f3n es trascender las expectativas, dando vida a cada proyecto a trav\u00e9s de la creatividad, la precisi\u00f3n y la atenci\u00f3n meticulosa a los detalles. Creemos &hellip;<\/p>\n<p class=\"read-more\"> <a class=\"\" href=\"https:\/\/www.aztecfloordesign.com\/?page_id=14\"> <span class=\"screen-reader-text\">About<\/span> Leer m\u00e1s &raquo;<\/a><\/p>\n","protected":false},"author":1,"featured_media":0,"parent":0,"menu_order":0,"comment_status":"closed","ping_status":"closed","template":"","meta":{"site-sidebar-layout":"no-sidebar","site-content-layout":"page-builder","ast-site-content-layout":"","site-content-style":"default","site-sidebar-style":"default","ast-global-header-display":"","ast-banner-title-visibility":"","ast-main-header-display":"","ast-hfb-above-header-display":"","ast-hfb-below-header-display":"","ast-hfb-mobile-header-display":"","site-post-title":"disabled","ast-breadcrumbs-content":"","ast-featured-img":"disabled","footer-sml-layout":"","theme-transparent-header-meta":"enabled","adv-header-id-meta":"","stick-header-meta":"","header-above-stick-meta":"","header-main-stick-meta":"","header-below-stick-meta":"","astra-migrate-meta-layouts":"default","ast-page-background-enabled":"default","ast-page-background-meta":{"desktop":{"background-color":"var(--ast-global-color-4)","background-image":"","background-repeat":"repeat","background-position":"center center","background-size":"auto","background-attachment":"scroll","background-type":"","background-media":"","overlay-type":"","overlay-color":"","overlay-gradient":""},"tablet":{"background-color":"","background-image":"","background-repeat":"repeat","background-position":"center center","background-size":"auto","background-attachment":"scroll","background-type":"","background-media":"","overlay-type":"","overlay-color":"","overlay-gradient":""},"mobile":{"background-color":"","background-image":"","background-repeat":"repeat","background-position":"center center","background-size":"auto","background-attachment":"scroll","background-type":"","background-media":"","overlay-type":"","overlay-color":"","overlay-gradient":""}},"ast-content-background-meta":{"desktop":{"background-color":"var(--ast-global-color-5)","background-image":"","background-repeat":"repeat","background-position":"center center","background-size":"auto","background-attachment":"scroll","background-type":"","background-media":"","overlay-type":"","overlay-color":"","overlay-gradient":""},"tablet":{"background-color":"var(--ast-global-color-5)","background-image":"","background-repeat":"repeat","background-position":"center center","background-size":"auto","background-attachment":"scroll","background-type":"","background-media":"","overlay-type":"","overlay-color":"","overlay-gradient":""},"mobile":{"background-color":"var(--ast-global-color-5)","background-image":"","background-repeat":"repeat","background-position":"center center","background-size":"auto","background-attachment":"scroll","background-type":"","background-media":"","overlay-type":"","overlay-color":"","overlay-gradient":""}},"_joinchat":[],"footnotes":""},"class_list":["post-14","page","type-page","status-publish","hentry"],"yoast_head":"<!-- This site is optimized with the Yoast SEO plugin v22.4 - https:\/\/yoast.com\/wordpress\/plugins\/seo\/ -->\n<title>About -<\/title>\n<meta name=\"robots\" content=\"index, follow, max-snippet:-1, max-image-preview:large, max-video-preview:-1\" \/>\n<link rel=\"canonical\" href=\"https:\/\/www.aztecfloordesign.com\/?page_id=14\" \/>\n<meta property=\"og:locale\" content=\"es_MX\" \/>\n<meta property=\"og:type\" content=\"article\" \/>\n<meta property=\"og:title\" content=\"About -\" \/>\n<meta property=\"og:description\" content=\"QUI\u00c9NES SOMOS NUESTRA MISI\u00d3N En Aztec Floor Design LLC, nos comprometemos a ofrecer soluciones de suelos \u00fanicas y personalizadas que reflejan la esencia y el estilo de cada cliente. Nuestra misi\u00f3n es trascender las expectativas, dando vida a cada proyecto a trav\u00e9s de la creatividad, la precisi\u00f3n y la atenci\u00f3n meticulosa a los detalles. Creemos &hellip; About Leer m\u00e1s &raquo;\" \/>\n<meta property=\"og:url\" content=\"https:\/\/www.aztecfloordesign.com\/?page_id=14\" \/>\n<meta property=\"article:modified_time\" content=\"2024-04-30T17:55:52+00:00\" \/>\n<meta property=\"og:image\" content=\"https:\/\/www.aztecfloordesign.com\/wp-content\/uploads\/2023\/12\/Copia-de-Diseno-sin-titulo-1-3-2.jpg\" \/>\n<meta name=\"twitter:card\" content=\"summary_large_image\" \/>\n<meta name=\"twitter:label1\" content=\"Tiempo de lectura\" \/>\n\t<meta name=\"twitter:data1\" content=\"1 minuto\" \/>\n<script type=\"application\/ld+json\" class=\"yoast-schema-graph\">{\"@context\":\"https:\/\/schema.org\",\"@graph\":[{\"@type\":\"WebPage\",\"@id\":\"https:\/\/www.aztecfloordesign.com\/?page_id=14\",\"url\":\"https:\/\/www.aztecfloordesign.com\/?page_id=14\",\"name\":\"About -\",\"isPartOf\":{\"@id\":\"https:\/\/www.aztecfloordesign.com\/#website\"},\"primaryImageOfPage\":{\"@id\":\"https:\/\/www.aztecfloordesign.com\/?page_id=14#primaryimage\"},\"image\":{\"@id\":\"https:\/\/www.aztecfloordesign.com\/?page_id=14#primaryimage\"},\"thumbnailUrl\":\"https:\/\/www.aztecfloordesign.com\/wp-content\/uploads\/2023\/12\/Copia-de-Diseno-sin-titulo-1-3-2.jpg\",\"datePublished\":\"2021-11-21T15:14:19+00:00\",\"dateModified\":\"2024-04-30T17:55:52+00:00\",\"breadcrumb\":{\"@id\":\"https:\/\/www.aztecfloordesign.com\/?page_id=14#breadcrumb\"},\"inLanguage\":\"es\",\"potentialAction\":[{\"@type\":\"ReadAction\",\"target\":[\"https:\/\/www.aztecfloordesign.com\/?page_id=14\"]}]},{\"@type\":\"ImageObject\",\"inLanguage\":\"es\",\"@id\":\"https:\/\/www.aztecfloordesign.com\/?page_id=14#primaryimage\",\"url\":\"https:\/\/www.aztecfloordesign.com\/wp-content\/uploads\/2023\/12\/Copia-de-Diseno-sin-titulo-1-3-2.jpg\",\"contentUrl\":\"https:\/\/www.aztecfloordesign.com\/wp-content\/uploads\/2023\/12\/Copia-de-Diseno-sin-titulo-1-3-2.jpg\",\"width\":1236,\"height\":920},{\"@type\":\"BreadcrumbList\",\"@id\":\"https:\/\/www.aztecfloordesign.com\/?page_id=14#breadcrumb\",\"itemListElement\":[{\"@type\":\"ListItem\",\"position\":1,\"name\":\"Inicio\",\"item\":\"https:\/\/www.aztecfloordesign.com\/\"},{\"@type\":\"ListItem\",\"position\":2,\"name\":\"About\"}]},{\"@type\":\"WebSite\",\"@id\":\"https:\/\/www.aztecfloordesign.com\/#website\",\"url\":\"https:\/\/www.aztecfloordesign.com\/\",\"name\":\"Aztec Floor Design\",\"description\":\"Instalation and sanding\",\"publisher\":{\"@id\":\"https:\/\/www.aztecfloordesign.com\/#organization\"},\"potentialAction\":[{\"@type\":\"SearchAction\",\"target\":{\"@type\":\"EntryPoint\",\"urlTemplate\":\"https:\/\/www.aztecfloordesign.com\/?s={search_term_string}\"},\"query-input\":\"required name=search_term_string\"}],\"inLanguage\":\"es\"},{\"@type\":\"Organization\",\"@id\":\"https:\/\/www.aztecfloordesign.com\/#organization\",\"name\":\"Aztec Floor Design\",\"url\":\"https:\/\/www.aztecfloordesign.com\/\",\"logo\":{\"@type\":\"ImageObject\",\"inLanguage\":\"es\",\"@id\":\"https:\/\/www.aztecfloordesign.com\/#\/schema\/logo\/image\/\",\"url\":\"https:\/\/www.aztecfloordesign.com\/wp-content\/uploads\/2023\/11\/cropped-cropped-cropped-Aztec.png\",\"contentUrl\":\"https:\/\/www.aztecfloordesign.com\/wp-content\/uploads\/2023\/11\/cropped-cropped-cropped-Aztec.png\",\"width\":2539,\"height\":3296,\"caption\":\"Aztec Floor Design\"},\"image\":{\"@id\":\"https:\/\/www.aztecfloordesign.com\/#\/schema\/logo\/image\/\"}}]}<\/script>\n<!-- \/ Yoast SEO plugin. -->","yoast_head_json":{"title":"About -","robots":{"index":"index","follow":"follow","max-snippet":"max-snippet:-1","max-image-preview":"max-image-preview:large","max-video-preview":"max-video-preview:-1"},"canonical":"https:\/\/www.aztecfloordesign.com\/?page_id=14","og_locale":"es_MX","og_type":"article","og_title":"About -","og_description":"QUI\u00c9NES SOMOS NUESTRA MISI\u00d3N En Aztec Floor Design LLC, nos comprometemos a ofrecer soluciones de suelos \u00fanicas y personalizadas que reflejan la esencia y el estilo de cada cliente. Nuestra misi\u00f3n es trascender las expectativas, dando vida a cada proyecto a trav\u00e9s de la creatividad, la precisi\u00f3n y la atenci\u00f3n meticulosa a los detalles. Creemos &hellip; About Leer m\u00e1s &raquo;","og_url":"https:\/\/www.aztecfloordesign.com\/?page_id=14","article_modified_time":"2024-04-30T17:55:52+00:00","og_image":[{"url":"https:\/\/www.aztecfloordesign.com\/wp-content\/uploads\/2023\/12\/Copia-de-Diseno-sin-titulo-1-3-2.jpg"}],"twitter_card":"summary_large_image","twitter_misc":{"Tiempo de lectura":"1 minuto"},"schema":{"@context":"https:\/\/schema.org","@graph":[{"@type":"WebPage","@id":"https:\/\/www.aztecfloordesign.com\/?page_id=14","url":"https:\/\/www.aztecfloordesign.com\/?page_id=14","name":"About -","isPartOf":{"@id":"https:\/\/www.aztecfloordesign.com\/#website"},"primaryImageOfPage":{"@id":"https:\/\/www.aztecfloordesign.com\/?page_id=14#primaryimage"},"image":{"@id":"https:\/\/www.aztecfloordesign.com\/?page_id=14#primaryimage"},"thumbnailUrl":"https:\/\/www.aztecfloordesign.com\/wp-content\/uploads\/2023\/12\/Copia-de-Diseno-sin-titulo-1-3-2.jpg","datePublished":"2021-11-21T15:14:19+00:00","dateModified":"2024-04-30T17:55:52+00:00","breadcrumb":{"@id":"https:\/\/www.aztecfloordesign.com\/?page_id=14#breadcrumb"},"inLanguage":"es","potentialAction":[{"@type":"ReadAction","target":["https:\/\/www.aztecfloordesign.com\/?page_id=14"]}]},{"@type":"ImageObject","inLanguage":"es","@id":"https:\/\/www.aztecfloordesign.com\/?page_id=14#primaryimage","url":"https:\/\/www.aztecfloordesign.com\/wp-content\/uploads\/2023\/12\/Copia-de-Diseno-sin-titulo-1-3-2.jpg","contentUrl":"https:\/\/www.aztecfloordesign.com\/wp-content\/uploads\/2023\/12\/Copia-de-Diseno-sin-titulo-1-3-2.jpg","width":1236,"height":920},{"@type":"BreadcrumbList","@id":"https:\/\/www.aztecfloordesign.com\/?page_id=14#breadcrumb","itemListElement":[{"@type":"ListItem","position":1,"name":"Inicio","item":"https:\/\/www.aztecfloordesign.com\/"},{"@type":"ListItem","position":2,"name":"About"}]},{"@type":"WebSite","@id":"https:\/\/www.aztecfloordesign.com\/#website","url":"https:\/\/www.aztecfloordesign.com\/","name":"Aztec Floor Design","description":"Instalation and sanding","publisher":{"@id":"https:\/\/www.aztecfloordesign.com\/#organization"},"potentialAction":[{"@type":"SearchAction","target":{"@type":"EntryPoint","urlTemplate":"https:\/\/www.aztecfloordesign.com\/?s={search_term_string}"},"query-input":"required name=search_term_string"}],"inLanguage":"es"},{"@type":"Organization","@id":"https:\/\/www.aztecfloordesign.com\/#organization","name":"Aztec Floor Design","url":"https:\/\/www.aztecfloordesign.com\/","logo":{"@type":"ImageObject","inLanguage":"es","@id":"https:\/\/www.aztecfloordesign.com\/#\/schema\/logo\/image\/","url":"https:\/\/www.aztecfloordesign.com\/wp-content\/uploads\/2023\/11\/cropped-cropped-cropped-Aztec.png","contentUrl":"https:\/\/www.aztecfloordesign.com\/wp-content\/uploads\/2023\/11\/cropped-cropped-cropped-Aztec.png","width":2539,"height":3296,"caption":"Aztec Floor Design"},"image":{"@id":"https:\/\/www.aztecfloordesign.com\/#\/schema\/logo\/image\/"}}]}},"_links":{"self":[{"href":"https:\/\/www.aztecfloordesign.com\/index.php?rest_route=\/wp\/v2\/pages\/14","targetHints":{"allow":["GET"]}}],"collection":[{"href":"https:\/\/www.aztecfloordesign.com\/index.php?rest_route=\/wp\/v2\/pages"}],"about":[{"href":"https:\/\/www.aztecfloordesign.com\/index.php?rest_route=\/wp\/v2\/types\/page"}],"author":[{"embeddable":true,"href":"https:\/\/www.aztecfloordesign.com\/index.php?rest_route=\/wp\/v2\/users\/1"}],"replies":[{"embeddable":true,"href":"https:\/\/www.aztecfloordesign.com\/index.php?rest_route=%2Fwp%2Fv2%2Fcomments&post=14"}],"version-history":[{"count":10,"href":"https:\/\/www.aztecfloordesign.com\/index.php?rest_route=\/wp\/v2\/pages\/14\/revisions"}],"predecessor-version":[{"id":2099,"href":"https:\/\/www.aztecfloordesign.com\/index.php?rest_route=\/wp\/v2\/pages\/14\/revisions\/2099"}],"wp:attachment":[{"href":"https:\/\/www.aztecfloordesign.com\/index.php?rest_route=%2Fwp%2Fv2%2Fmedia&parent=14"}],"curies":[{"name":"wp","href":"https:\/\/api.w.org\/{rel}","templated":true}]}}